{"id":633,"date":"2024-07-11T18:24:25","date_gmt":"2024-07-11T18:24:25","guid":{"rendered":"https:\/\/vianett.hu\/?page_id=633"},"modified":"2024-07-11T18:25:43","modified_gmt":"2024-07-11T18:25:43","slug":"impresszum","status":"publish","type":"page","link":"https:\/\/vianett.hu\/de\/impresszum\/","title":{"rendered":"Impressum"},"content":{"rendered":"\n[et_pb_section fb_built=&#8221;1&#8243; theme_builder_area=&#8221;post_content&#8221; _builder_version=&#8221;4.25.1&#8243; _module_preset=&#8221;default&#8221;][et_pb_row _builder_version=&#8221;4.25.1&#8243; _module_preset=&#8221;default&#8221; theme_builder_area=&#8221;post_content&#8221;][et_pb_column _builder_version=&#8221;4.25.1&#8243; _module_preset=&#8221;default&#8221; type=&#8221;4_4&#8243; theme_builder_area=&#8221;post_content&#8221;][et_pb_text _builder_version=&#8221;4.25.1&#8243; _module_preset=&#8221;default&#8221; theme_builder_area=&#8221;post_content&#8221; hover_enabled=&#8221;0&#8243; sticky_enabled=&#8221;0&#8243;]<header class=\"entry-header \">\n<h1 class=\"entry-title\" itemprop=\"headline\">Impresszum<\/h1>\n<p>&nbsp;<\/p>\n<p>&nbsp;<\/p>\n<\/header>\n<div class=\"entry-content clear\" ast-blocks-layout=\"true\" itemprop=\"text\">\n<p><strong>V\u00e1llalkoz\u00e1s adatai:<\/strong><\/p>\n<p>C\u00e9gn\u00e9v: FUTURE VIA-NETT Korl\u00e1tolt Felel\u0151ss\u00e9g\u0171 T\u00e1rsas\u00e1g<br \/>Sz\u00e9khely: 1184 Budapest, Aranyes\u0151 utca 8.<br \/>Fi\u00f3ktelep: 8184 Balatonf\u0171zf\u0151, 1498\/269.<br \/>Ad\u00f3sz\u00e1m: 23098581-2-43<br \/>A c\u00e9get bejegyz\u0151 hat\u00f3s\u00e1g: F\u0151v\u00e1rosi T\u00f6rv\u00e9nysz\u00e9k C\u00e9gb\u00edr\u00f3s\u00e1ga<br \/>C\u00e9gjegyz\u00e9ksz\u00e1m: 01-09-952870<br \/>Hat\u00f3s\u00e1gi enged\u00e9ly sz\u00e1ma:<br \/>Kamara: Magyar Kereskedelmi \u00e9s Iparkamara<br \/>Telefonsz\u00e1m: +36-20-414-64-97<br \/>E-mail: <a href=\"mailto:attila@vianett.hu\">attila@vianett.hu<\/a><\/p>\n<p>&nbsp;<\/p>\n<p>&nbsp;<\/p>\n<p>&nbsp;<\/p>\n<\/div>[\/et_pb_text][\/et_pb_column][\/et_pb_row][\/et_pb_section]\n","protected":false},"excerpt":{"rendered":"<p>Impresszum &nbsp; &nbsp; V\u00e1llalkoz\u00e1s adatai: C\u00e9gn\u00e9v: FUTURE VIA-NETT Korl\u00e1tolt Felel\u0151ss\u00e9g\u0171 T\u00e1rsas\u00e1gSz\u00e9khely: 1184 Budapest, Aranyes\u0151 utca 8.Fi\u00f3ktelep: 8184 Balatonf\u0171zf\u0151, 1498\/269.Ad\u00f3sz\u00e1m: 23098581-2-43A c\u00e9get bejegyz\u0151 hat\u00f3s\u00e1g: F\u0151v\u00e1rosi T\u00f6rv\u00e9nysz\u00e9k C\u00e9gb\u00edr\u00f3s\u00e1gaC\u00e9gjegyz\u00e9ksz\u00e1m: 01-09-952870Hat\u00f3s\u00e1gi enged\u00e9ly sz\u00e1ma:Kamara: Magyar Kereskedelmi \u00e9s IparkamaraTelefonsz\u00e1m: +36-20-414-64-97E-mail: attila@vianett.hu &nbsp; &nbsp; &nbsp;<\/p>","protected":false},"author":1,"featured_media":0,"parent":0,"menu_order":0,"comment_status":"closed","ping_status":"closed","template":"","meta":{"_et_pb_use_builder":"on","_et_pb_old_content":"","_et_gb_content_width":"","footnotes":""},"class_list":["post-633","page","type-page","status-publish","hentry"],"yoast_head":"<!-- This site is optimized with the Yoast SEO Premium plugin v27.4 (Yoast SEO v27.4) - https:\/\/yoast.com\/product\/yoast-seo-premium-wordpress\/ -->\n<title>Impresszum - Future Via-Nett Kft.<\/title>\n<meta name=\"robots\" content=\"index, follow, max-snippet:-1, max-image-preview:large, max-video-preview:-1\" \/>\n<link rel=\"canonical\" href=\"https:\/\/vianett.hu\/de\/impresszum\/\" \/>\n<meta property=\"og:locale\" content=\"de_DE\" \/>\n<meta property=\"og:type\" content=\"article\" \/>\n<meta property=\"og:title\" content=\"Impresszum\" \/>\n<meta property=\"og:description\" content=\"Impresszum &nbsp; &nbsp; V\u00e1llalkoz\u00e1s adatai: C\u00e9gn\u00e9v: FUTURE VIA-NETT Korl\u00e1tolt Felel\u0151ss\u00e9g\u0171 T\u00e1rsas\u00e1gSz\u00e9khely: 1184 Budapest, Aranyes\u0151 utca 8.Fi\u00f3ktelep: 8184 Balatonf\u0171zf\u0151, 1498\/269.Ad\u00f3sz\u00e1m: 23098581-2-43A c\u00e9get bejegyz\u0151 hat\u00f3s\u00e1g: F\u0151v\u00e1rosi T\u00f6rv\u00e9nysz\u00e9k C\u00e9gb\u00edr\u00f3s\u00e1gaC\u00e9gjegyz\u00e9ksz\u00e1m: 01-09-952870Hat\u00f3s\u00e1gi enged\u00e9ly sz\u00e1ma:Kamara: Magyar Kereskedelmi \u00e9s IparkamaraTelefonsz\u00e1m: +36-20-414-64-97E-mail: attila@vianett.hu &nbsp; &nbsp; &nbsp;\" \/>\n<meta property=\"og:url\" content=\"https:\/\/vianett.hu\/de\/impresszum\/\" \/>\n<meta property=\"og:site_name\" content=\"Future Via-Nett Kft.\" \/>\n<meta property=\"article:publisher\" content=\"https:\/\/www.facebook.com\/profile.php?id=100085144136170\" \/>\n<meta property=\"article:modified_time\" content=\"2024-07-11T18:25:43+00:00\" \/>\n<meta name=\"twitter:card\" content=\"summary_large_image\" \/>\n<meta name=\"twitter:label1\" content=\"Gesch\u00e4tzte Lesezeit\" \/>\n\t<meta name=\"twitter:data1\" content=\"1\u00a0Minute\" \/>\n<script type=\"application\/ld+json\" class=\"yoast-schema-graph\">{\"@context\":\"https:\\\/\\\/schema.org\",\"@graph\":[{\"@type\":\"WebPage\",\"@id\":\"https:\\\/\\\/vianett.hu\\\/impresszum\\\/\",\"url\":\"https:\\\/\\\/vianett.hu\\\/impresszum\\\/\",\"name\":\"Impresszum - Future Via-Nett Kft.\",\"isPartOf\":{\"@id\":\"https:\\\/\\\/vianett.hu\\\/#website\"},\"datePublished\":\"2024-07-11T18:24:25+00:00\",\"dateModified\":\"2024-07-11T18:25:43+00:00\",\"breadcrumb\":{\"@id\":\"https:\\\/\\\/vianett.hu\\\/impresszum\\\/#breadcrumb\"},\"inLanguage\":\"de\",\"potentialAction\":[{\"@type\":\"ReadAction\",\"target\":[\"https:\\\/\\\/vianett.hu\\\/impresszum\\\/\"]}]},{\"@type\":\"BreadcrumbList\",\"@id\":\"https:\\\/\\\/vianett.hu\\\/impresszum\\\/#breadcrumb\",\"itemListElement\":[{\"@type\":\"ListItem\",\"position\":1,\"name\":\"Kezd\u0151lap\",\"item\":\"https:\\\/\\\/vianett.hu\\\/\"},{\"@type\":\"ListItem\",\"position\":2,\"name\":\"Impresszum\"}]},{\"@type\":\"WebSite\",\"@id\":\"https:\\\/\\\/vianett.hu\\\/#website\",\"url\":\"https:\\\/\\\/vianett.hu\\\/\",\"name\":\"Future Via-Nett Kft.\",\"description\":\"L\u00e1damos\u00e1s Veszpr\u00e9m\",\"publisher\":{\"@id\":\"https:\\\/\\\/vianett.hu\\\/#organization\"},\"potentialAction\":[{\"@type\":\"SearchAction\",\"target\":{\"@type\":\"EntryPoint\",\"urlTemplate\":\"https:\\\/\\\/vianett.hu\\\/?s={search_term_string}\"},\"query-input\":{\"@type\":\"PropertyValueSpecification\",\"valueRequired\":true,\"valueName\":\"search_term_string\"}}],\"inLanguage\":\"de\"},{\"@type\":\"Organization\",\"@id\":\"https:\\\/\\\/vianett.hu\\\/#organization\",\"name\":\"Future Via-Nett Kft.\",\"url\":\"https:\\\/\\\/vianett.hu\\\/\",\"logo\":{\"@type\":\"ImageObject\",\"inLanguage\":\"de\",\"@id\":\"https:\\\/\\\/vianett.hu\\\/#\\\/schema\\\/logo\\\/image\\\/\",\"url\":\"https:\\\/\\\/vianett.hu\\\/wp-content\\\/uploads\\\/2024\\\/05\\\/Vianett-logo.png\",\"contentUrl\":\"https:\\\/\\\/vianett.hu\\\/wp-content\\\/uploads\\\/2024\\\/05\\\/Vianett-logo.png\",\"width\":302,\"height\":192,\"caption\":\"Future Via-Nett Kft.\"},\"image\":{\"@id\":\"https:\\\/\\\/vianett.hu\\\/#\\\/schema\\\/logo\\\/image\\\/\"},\"sameAs\":[\"https:\\\/\\\/www.facebook.com\\\/profile.php?id=100085144136170\"]}]}<\/script>\n<!-- \/ Yoast SEO Premium plugin. -->","yoast_head_json":{"title":"Impresszum - Future Via-Nett Kft.","robots":{"index":"index","follow":"follow","max-snippet":"max-snippet:-1","max-image-preview":"max-image-preview:large","max-video-preview":"max-video-preview:-1"},"canonical":"https:\/\/vianett.hu\/de\/impresszum\/","og_locale":"de_DE","og_type":"article","og_title":"Impresszum","og_description":"Impresszum &nbsp; &nbsp; V\u00e1llalkoz\u00e1s adatai: C\u00e9gn\u00e9v: FUTURE VIA-NETT Korl\u00e1tolt Felel\u0151ss\u00e9g\u0171 T\u00e1rsas\u00e1gSz\u00e9khely: 1184 Budapest, Aranyes\u0151 utca 8.Fi\u00f3ktelep: 8184 Balatonf\u0171zf\u0151, 1498\/269.Ad\u00f3sz\u00e1m: 23098581-2-43A c\u00e9get bejegyz\u0151 hat\u00f3s\u00e1g: F\u0151v\u00e1rosi T\u00f6rv\u00e9nysz\u00e9k C\u00e9gb\u00edr\u00f3s\u00e1gaC\u00e9gjegyz\u00e9ksz\u00e1m: 01-09-952870Hat\u00f3s\u00e1gi enged\u00e9ly sz\u00e1ma:Kamara: Magyar Kereskedelmi \u00e9s IparkamaraTelefonsz\u00e1m: +36-20-414-64-97E-mail: attila@vianett.hu &nbsp; &nbsp; &nbsp;","og_url":"https:\/\/vianett.hu\/de\/impresszum\/","og_site_name":"Future Via-Nett Kft.","article_publisher":"https:\/\/www.facebook.com\/profile.php?id=100085144136170","article_modified_time":"2024-07-11T18:25:43+00:00","twitter_card":"summary_large_image","twitter_misc":{"Gesch\u00e4tzte Lesezeit":"1\u00a0Minute"},"schema":{"@context":"https:\/\/schema.org","@graph":[{"@type":"WebPage","@id":"https:\/\/vianett.hu\/impresszum\/","url":"https:\/\/vianett.hu\/impresszum\/","name":"Impresszum - Future Via-Nett Kft.","isPartOf":{"@id":"https:\/\/vianett.hu\/#website"},"datePublished":"2024-07-11T18:24:25+00:00","dateModified":"2024-07-11T18:25:43+00:00","breadcrumb":{"@id":"https:\/\/vianett.hu\/impresszum\/#breadcrumb"},"inLanguage":"de","potentialAction":[{"@type":"ReadAction","target":["https:\/\/vianett.hu\/impresszum\/"]}]},{"@type":"BreadcrumbList","@id":"https:\/\/vianett.hu\/impresszum\/#breadcrumb","itemListElement":[{"@type":"ListItem","position":1,"name":"Kezd\u0151lap","item":"https:\/\/vianett.hu\/"},{"@type":"ListItem","position":2,"name":"Impresszum"}]},{"@type":"WebSite","@id":"https:\/\/vianett.hu\/#website","url":"https:\/\/vianett.hu\/","name":"Future Via-Nett Ltd.","description":"Waschen von Kisten Veszpr\u00e9m","publisher":{"@id":"https:\/\/vianett.hu\/#organization"},"potentialAction":[{"@type":"SearchAction","target":{"@type":"EntryPoint","urlTemplate":"https:\/\/vianett.hu\/?s={search_term_string}"},"query-input":{"@type":"PropertyValueSpecification","valueRequired":true,"valueName":"search_term_string"}}],"inLanguage":"de"},{"@type":"Organization","@id":"https:\/\/vianett.hu\/#organization","name":"Future Via-Nett Ltd.","url":"https:\/\/vianett.hu\/","logo":{"@type":"ImageObject","inLanguage":"de","@id":"https:\/\/vianett.hu\/#\/schema\/logo\/image\/","url":"https:\/\/vianett.hu\/wp-content\/uploads\/2024\/05\/Vianett-logo.png","contentUrl":"https:\/\/vianett.hu\/wp-content\/uploads\/2024\/05\/Vianett-logo.png","width":302,"height":192,"caption":"Future Via-Nett Kft."},"image":{"@id":"https:\/\/vianett.hu\/#\/schema\/logo\/image\/"},"sameAs":["https:\/\/www.facebook.com\/profile.php?id=100085144136170"]}]}},"_links":{"self":[{"href":"https:\/\/vianett.hu\/de\/wp-json\/wp\/v2\/pages\/633","targetHints":{"allow":["GET"]}}],"collection":[{"href":"https:\/\/vianett.hu\/de\/wp-json\/wp\/v2\/pages"}],"about":[{"href":"https:\/\/vianett.hu\/de\/wp-json\/wp\/v2\/types\/page"}],"author":[{"embeddable":true,"href":"https:\/\/vianett.hu\/de\/wp-json\/wp\/v2\/users\/1"}],"replies":[{"embeddable":true,"href":"https:\/\/vianett.hu\/de\/wp-json\/wp\/v2\/comments?post=633"}],"version-history":[{"count":0,"href":"https:\/\/vianett.hu\/de\/wp-json\/wp\/v2\/pages\/633\/revisions"}],"wp:attachment":[{"href":"https:\/\/vianett.hu\/de\/wp-json\/wp\/v2\/media?parent=633"}],"curies":[{"name":"wp","href":"https:\/\/api.w.org\/{rel}","templated":true}]}}