{"id":613,"date":"2024-07-11T14:36:45","date_gmt":"2024-07-11T14:36:45","guid":{"rendered":"https:\/\/vianett.hu\/?page_id=613"},"modified":"2024-07-15T07:49:10","modified_gmt":"2024-07-15T07:49:10","slug":"gongyolegtisztitas","status":"publish","type":"page","link":"https:\/\/vianett.hu\/de\/gongyolegtisztitas\/","title":{"rendered":"G\u00f6ngy\u00f6legtiszt\u00edt\u00e1s"},"content":{"rendered":"<p>[et_pb_section fb_built=&#8221;1&#8243; next_background_color=&#8221;#ffffff&#8221; admin_label=&#8221;Hero&#8221; _builder_version=&#8221;4.25.1&#8243; use_background_color_gradient=&#8221;on&#8221; background_color_gradient_direction=&#8221;70deg&#8221; background_color_gradient_stops=&#8221;#283d4b 0%|rgba(128,103,79,0.5) 100%&#8221; background_color_gradient_overlays_image=&#8221;on&#8221; background_color_gradient_start=&#8221;#283d4b&#8221; background_color_gradient_end=&#8221;rgba(128,103,79,0.5)&#8221; background_image=&#8221;https:\/\/vianett.hu\/wp-content\/uploads\/2024\/06\/20230310_120726-min-v2-scaled.webp&#8221; custom_margin=&#8221;||3%|&#8221; custom_padding=&#8221;6vw|||&#8221; bottom_divider_style=&#8221;mountains2&#8243; bottom_divider_height=&#8221;20vw&#8221; bottom_divider_repeat=&#8221;0.5x&#8221; bottom_divider_flip=&#8221;horizontal|vertical&#8221; hover_enabled=&#8221;0&#8243; global_colors_info=&#8221;{}&#8221; alt=&#8221;L\u00e1damos\u00f3 \u00fczem Balatonf\u0171zf\u00f6&#8221; title_text=&#8221;Vianett \u00fczem&#8221; sticky_enabled=&#8221;0&#8243;][et_pb_row _builder_version=&#8221;4.16&#8243; custom_margin=&#8221;|||&#8221; custom_padding=&#8221;27px|0px|0|0px|false|false&#8221; global_colors_info=&#8221;{}&#8221;][et_pb_column type=&#8221;4_4&#8243; _builder_version=&#8221;4.16&#8243; custom_padding=&#8221;|||&#8221; global_colors_info=&#8221;{}&#8221; custom_padding__hover=&#8221;|||&#8221;][et_pb_text _builder_version=&#8221;4.16&#8243; text_font=&#8221;||||||||&#8221; header_font=&#8221;Josefin Sans|700|||||||&#8221; header_font_size=&#8221;90px&#8221; header_line_height=&#8221;1.4em&#8221; header_2_font=&#8221;Josefin Sans||||||||&#8221; header_2_text_color=&#8221;rgba(255,255,255,0.6)&#8221; header_2_font_size=&#8221;32px&#8221; header_2_line_height=&#8221;1.4em&#8221; background_layout=&#8221;dark&#8221; animation_style=&#8221;slide&#8221; animation_direction=&#8221;right&#8221; animation_intensity_slide=&#8221;4%&#8221; header_font_size_tablet=&#8221;50px&#8221; header_font_size_phone=&#8221;32px&#8221; header_font_size_last_edited=&#8221;on|desktop&#8221; header_2_font_size_tablet=&#8221;&#8221; header_2_font_size_phone=&#8221;24px&#8221; header_2_font_size_last_edited=&#8221;on|phone&#8221; global_colors_info=&#8221;{}&#8221;]<\/p>\n<h1>Rollenreinigung<\/h1>\n<h2><\/h2>\n<p>[\/et_pb_text][\/et_pb_column][\/et_pb_row][et_pb_row column_structure=&#8221;1_2,1_2&#8243; _builder_version=&#8221;4.16&#8243; custom_padding=&#8221;0|0px|27px|0px|false|false&#8221; locked=&#8221;off&#8221; global_colors_info=&#8221;{}&#8221;][et_pb_column type=&#8221;1_2&#8243; _builder_version=&#8221;4.16&#8243; custom_padding=&#8221;|||&#8221; global_colors_info=&#8221;{}&#8221; custom_padding__hover=&#8221;|||&#8221;][\/et_pb_column][et_pb_column type=&#8221;1_2&#8243; _builder_version=&#8221;4.16&#8243; custom_padding=&#8221;|||&#8221; global_colors_info=&#8221;{}&#8221; custom_padding__hover=&#8221;|||&#8221;][et_pb_button button_text=&#8221;H\u00edvjon minket +36 20 414 6497&#8243; _builder_version=&#8221;4.25.1&#8243; custom_button=&#8221;on&#8221; button_text_size=&#8221;20px&#8221; button_text_color=&#8221;rgba(255,255,255,0.9)&#8221; button_bg_color=&#8221;gcid-primary-color&#8221; button_border_width=&#8221;0px&#8221; button_border_color=&#8221;#f47a55&#8243; button_border_radius=&#8221;13px&#8221; button_letter_spacing=&#8221;1px&#8221; button_font=&#8221;Josefin Sans|700|||||||&#8221; custom_margin=&#8221;|90px||&#8221; custom_margin_phone=&#8221;|70px||&#8221; custom_margin_last_edited=&#8221;off|desktop&#8221; custom_padding=&#8221;|||&#8221; animation_style=&#8221;slide&#8221; animation_direction=&#8221;left&#8221; animation_intensity_slide=&#8221;8%&#8221; button_text_size_phone=&#8221;20px&#8221; button_text_size_last_edited=&#8221;off|desktop&#8221; box_shadow_style=&#8221;preset3&#8243; box_shadow_blur=&#8221;20px&#8221; box_shadow_spread=&#8221;-10px&#8221; global_colors_info=&#8221;{%22gcid-primary-color%22:%91%22button_bg_color%22%93}&#8221; button_text_size__hover_enabled=&#8221;off&#8221; button_one_text_size__hover_enabled=&#8221;off&#8221; button_two_text_size__hover_enabled=&#8221;off&#8221; button_text_color__hover_enabled=&#8221;off&#8221; button_one_text_color__hover_enabled=&#8221;off&#8221; button_two_text_color__hover_enabled=&#8221;off&#8221; button_border_width__hover_enabled=&#8221;off&#8221; button_one_border_width__hover_enabled=&#8221;off&#8221; button_two_border_width__hover_enabled=&#8221;off&#8221; button_border_color__hover_enabled=&#8221;off&#8221; button_one_border_color__hover_enabled=&#8221;off&#8221; button_two_border_color__hover_enabled=&#8221;off&#8221; button_border_radius__hover_enabled=&#8221;off&#8221; button_one_border_radius__hover_enabled=&#8221;off&#8221; button_two_border_radius__hover_enabled=&#8221;off&#8221; button_letter_spacing__hover_enabled=&#8221;off&#8221; button_one_letter_spacing__hover_enabled=&#8221;off&#8221; button_two_letter_spacing__hover_enabled=&#8221;off&#8221; button_bg_color__hover_enabled=&#8221;off&#8221; button_one_bg_color__hover_enabled=&#8221;off&#8221; button_two_bg_color__hover_enabled=&#8221;off&#8221;][\/et_pb_button][\/et_pb_column][\/et_pb_row][et_pb_row use_custom_gutter=&#8221;on&#8221; gutter_width=&#8221;1&#8243; disabled_on=&#8221;on|off|off&#8221; module_class=&#8221; et_pb_row_fullwidth&#8221; _builder_version=&#8221;4.16&#8243; width=&#8221;100%&#8221; width_tablet=&#8221;100%&#8221; width_phone=&#8221;100%&#8221; width_last_edited=&#8221;on|desktop&#8221; max_width=&#8221;100%&#8221; max_width_tablet=&#8221;100%&#8221; max_width_phone=&#8221;100%&#8221; max_width_last_edited=&#8221;on|desktop&#8221; make_fullwidth=&#8221;on&#8221; locked=&#8221;off&#8221; global_colors_info=&#8221;{}&#8221;][et_pb_column type=&#8221;4_4&#8243; _builder_version=&#8221;4.16&#8243; custom_padding=&#8221;|||&#8221; global_colors_info=&#8221;{}&#8221; custom_padding__hover=&#8221;|||&#8221;][et_pb_text _builder_version=&#8221;4.25.1&#8243; text_font=&#8221;Josefin Sans|700||on|||||&#8221; text_text_color=&#8221;rgba(255,255,255,0.2)&#8221; text_font_size=&#8221;13vw&#8221; text_line_height=&#8221;1em&#8221; quote_font=&#8221;||||||||&#8221; header_font=&#8221;||||||||&#8221; custom_margin=&#8221;||-0.4em|&#8221; custom_padding=&#8221;|||&#8221; filter_blur=&#8221;7px&#8221; animation_style=&#8221;slide&#8221; animation_direction=&#8221;right&#8221; animation_duration=&#8221;10000ms&#8221; animation_intensity_slide=&#8221;10%&#8221; animation_starting_opacity=&#8221;40%&#8221; animation_speed_curve=&#8221;linear&#8221; text_font_size_tablet=&#8221;124px&#8221; text_font_size_phone=&#8221;90px&#8221; text_font_size_last_edited=&#8221;off|desktop&#8221; global_colors_info=&#8221;{}&#8221;]<\/p>\n<p>G\u00d6NGY\u00d6LEG<\/p>\n<p>[\/et_pb_text][\/et_pb_column][\/et_pb_row][\/et_pb_section][et_pb_section fb_built=&#8221;1&#8243; admin_label=&#8221;Services&#8221; _builder_version=&#8221;4.16&#8243; custom_padding=&#8221;54px|0px|54px|0|false|false&#8221; global_colors_info=&#8221;{}&#8221;][et_pb_row _builder_version=&#8221;4.16&#8243; custom_padding=&#8221;30px|0px|0|0px|false|false&#8221; global_colors_info=&#8221;{}&#8221;][et_pb_column type=&#8221;4_4&#8243; _builder_version=&#8221;4.16&#8243; custom_padding=&#8221;|||&#8221; global_colors_info=&#8221;{}&#8221; custom_padding__hover=&#8221;|||&#8221;][et_pb_text _builder_version=&#8221;4.16&#8243; text_font=&#8221;||||||||&#8221; header_font=&#8221;||||||||&#8221; header_text_color=&#8221;rgba(0,0,0,0)&#8221; header_2_font=&#8221;Josefin Sans|700|||||||&#8221; header_2_font_size=&#8221;48px&#8221; header_2_line_height=&#8221;1.4em&#8221; header_3_font=&#8221;Josefin Sans|700||on|||||&#8221; header_3_text_color=&#8221;rgba(43,51,68,0.2)&#8221; max_width=&#8221;700px&#8221; custom_margin=&#8221;|||&#8221; custom_padding=&#8221;|||&#8221; header_2_font_size_tablet=&#8221;&#8221; header_2_font_size_phone=&#8221;24px&#8221; header_2_font_size_last_edited=&#8221;on|phone&#8221; header_2_line_height_tablet=&#8221;1.4em&#8221; header_2_line_height_phone=&#8221;&#8221; header_2_line_height_last_edited=&#8221;on|desktop&#8221; global_colors_info=&#8221;{}&#8221;]<\/p>\n<h3><\/h3>\n<h2 class=\"elementor-heading-title elementor-size-default\">Gereinigte Rollen, die auf die Lieferung warten<\/h2>\n<p>[\/et_pb_text][\/et_pb_column][\/et_pb_row][et_pb_row _builder_version=&#8221;4.16&#8243; global_colors_info=&#8221;{}&#8221;][et_pb_column type=&#8221;4_4&#8243; _builder_version=&#8221;4.16&#8243; custom_padding=&#8221;|||&#8221; global_colors_info=&#8221;{}&#8221; custom_padding__hover=&#8221;|||&#8221;][et_pb_text _builder_version=&#8221;4.25.1&#8243; text_font=&#8221;Open Sans||||||||&#8221; text_font_size=&#8221;18px&#8221; text_line_height=&#8221;1.8em&#8221; locked=&#8221;off&#8221; global_colors_info=&#8221;{}&#8221;]<\/p>\n<p>Professionell gereinigte Beh\u00e4lter (Kisten, Verschl\u00e4ge, Trays usw.) werden verpackt, verladen und f\u00fcr die Lieferung an unsere Kunden vorbereitet.<\/p>\n<p>Die Anlieferung kann durch den Kunden erfolgen, oder unser Unternehmen \u00fcbernimmt gerne den Abtransport der verschmutzten Rollen bzw. die R\u00fcckgabe der gewaschenen Rollen nach der Reinigung in unserem Werk.<\/p>\n<p>[\/et_pb_text][\/et_pb_column][\/et_pb_row][et_pb_row column_structure=&#8221;1_3,2_3&#8243; _builder_version=&#8221;4.25.1&#8243; _module_preset=&#8221;default&#8221; global_colors_info=&#8221;{}&#8221;][et_pb_column type=&#8221;1_3&#8243; _builder_version=&#8221;4.25.1&#8243; _module_preset=&#8221;default&#8221; global_colors_info=&#8221;{}&#8221;][et_pb_image src=&#8221;https:\/\/vianett.hu\/wp-content\/uploads\/2024\/07\/csomagolt-gongyoleg.jpg&#8221; alt=&#8221;tiszt\u00edtott g\u00f6ngy\u00f6leg&#8221; title_text=&#8221;csomagolt g\u00f6ngy\u00f6leg&#8221; _builder_version=&#8221;4.25.1&#8243; _module_preset=&#8221;default&#8221; custom_margin=&#8221;|-102px||||&#8221; custom_padding=&#8221;|1px||||&#8221; global_colors_info=&#8221;{}&#8221;][\/et_pb_image][\/et_pb_column][et_pb_column type=&#8221;2_3&#8243; _builder_version=&#8221;4.25.1&#8243; _module_preset=&#8221;default&#8221; global_colors_info=&#8221;{}&#8221;][et_pb_image src=&#8221;https:\/\/vianett.hu\/wp-content\/uploads\/2024\/07\/tisztitott-gongyoleg.jpg&#8221; alt=&#8221;tiszt\u00edtott g\u00f6ngy\u00f6leg&#8221; title_text=&#8221;tisztitott-gongyoleg&#8221; _builder_version=&#8221;4.25.1&#8243; _module_preset=&#8221;default&#8221; custom_margin=&#8221;|||-30px||&#8221; custom_padding=&#8221;|||104px||&#8221; global_colors_info=&#8221;{}&#8221;][\/et_pb_image][\/et_pb_column][\/et_pb_row][et_pb_row _builder_version=&#8221;4.16&#8243; custom_padding=&#8221;30px|0px|0|0px|false|false&#8221; global_colors_info=&#8221;{}&#8221;][et_pb_column type=&#8221;4_4&#8243; _builder_version=&#8221;4.16&#8243; custom_padding=&#8221;|||&#8221; global_colors_info=&#8221;{}&#8221; custom_padding__hover=&#8221;|||&#8221;][et_pb_text _builder_version=&#8221;4.16&#8243; text_font=&#8221;||||||||&#8221; header_font=&#8221;||||||||&#8221; header_text_color=&#8221;rgba(0,0,0,0)&#8221; header_2_font=&#8221;Josefin Sans|700|||||||&#8221; header_2_font_size=&#8221;48px&#8221; header_2_line_height=&#8221;1.4em&#8221; header_3_font=&#8221;Josefin Sans|700||on|||||&#8221; header_3_text_color=&#8221;rgba(43,51,68,0.2)&#8221; max_width=&#8221;790px&#8221; custom_margin=&#8221;|||&#8221; custom_padding=&#8221;|||&#8221; header_2_font_size_tablet=&#8221;&#8221; header_2_font_size_phone=&#8221;24px&#8221; header_2_font_size_last_edited=&#8221;on|phone&#8221; header_2_line_height_tablet=&#8221;1.4em&#8221; header_2_line_height_phone=&#8221;&#8221; header_2_line_height_last_edited=&#8221;on|desktop&#8221; global_colors_info=&#8221;{}&#8221;]<\/p>\n<h3><\/h3>\n<h2 class=\"elementor-heading-title elementor-size-default\">Vor und nach der Reinigung der Walzen<\/h2>\n<p>[\/et_pb_text][\/et_pb_column][\/et_pb_row][et_pb_row _builder_version=&#8221;4.16&#8243; global_colors_info=&#8221;{}&#8221;][et_pb_column type=&#8221;4_4&#8243; _builder_version=&#8221;4.16&#8243; custom_padding=&#8221;|||&#8221; global_colors_info=&#8221;{}&#8221; custom_padding__hover=&#8221;|||&#8221;][et_pb_text _builder_version=&#8221;4.25.1&#8243; text_font=&#8221;Open Sans||||||||&#8221; text_font_size=&#8221;18px&#8221; text_line_height=&#8221;1.8em&#8221; locked=&#8221;off&#8221; global_colors_info=&#8221;{}&#8221;]<\/p>\n<p><span>Wir nutzen unsere 20-j\u00e4hrige Erfahrung, um die Rollen normgerecht zu reinigen und zu desinfizieren und f\u00fchren anschlie\u00dfend eine Qualit\u00e4tskontrolle durch.<\/span><\/p>\n<p>[\/et_pb_text][\/et_pb_column][\/et_pb_row][et_pb_row _builder_version=&#8221;4.25.1&#8243; _module_preset=&#8221;default&#8221; global_colors_info=&#8221;{}&#8221;][et_pb_column type=&#8221;4_4&#8243; _builder_version=&#8221;4.25.1&#8243; _module_preset=&#8221;default&#8221; global_colors_info=&#8221;{}&#8221;][et_pb_image src=&#8221;https:\/\/vianett.hu\/wp-content\/uploads\/2024\/07\/elotte-utana.jpg&#8221; alt=&#8221;l\u00e1damos\u00e1s el\u0151tte-ut\u00e1na&#8221; title_text=&#8221;elotte-utana&#8221; align=&#8221;center&#8221; _builder_version=&#8221;4.25.1&#8243; _module_preset=&#8221;default&#8221; custom_margin=&#8221;|-102px||||&#8221; custom_padding=&#8221;|1px||||&#8221; global_colors_info=&#8221;{}&#8221;][\/et_pb_image][et_pb_image src=&#8221;https:\/\/vianett.hu\/wp-content\/uploads\/2024\/07\/elotte-utana-2.jpg&#8221; alt=&#8221;l\u00e1damos\u00e1s el\u0151tte-ut\u00e1na eredm\u00e9ny&#8221; title_text=&#8221;elotte-utana-2&#8243; align=&#8221;center&#8221; _builder_version=&#8221;4.25.1&#8243; _module_preset=&#8221;default&#8221; custom_margin=&#8221;|-102px||||&#8221; custom_padding=&#8221;|1px||||&#8221; global_colors_info=&#8221;{}&#8221;][\/et_pb_image][\/et_pb_column][\/et_pb_row][\/et_pb_section][et_pb_section fb_built=&#8221;1&#8243; admin_label=&#8221;Footer&#8221; _builder_version=&#8221;4.16&#8243; global_colors_info=&#8221;{}&#8221;][et_pb_row column_structure=&#8221;1_3,1_3,1_3&#8243; _builder_version=&#8221;4.16&#8243; custom_padding=&#8221;|||&#8221; global_colors_info=&#8221;{}&#8221;][et_pb_column type=&#8221;1_3&#8243; _builder_version=&#8221;4.16&#8243; custom_padding=&#8221;|||&#8221; global_colors_info=&#8221;{}&#8221; custom_padding__hover=&#8221;|||&#8221;][et_pb_blurb title=&#8221;L\u00c1DAMOS\u00d3 \u00dcZEM\u00dcNK C\u00cdME&#8221; use_icon=&#8221;on&#8221; font_icon=&#8221;&#xe074;||divi||400&#8243; icon_color=&#8221;#f47a55&#8243; image_icon_width=&#8221;32px&#8221; _builder_version=&#8221;4.16&#8243; header_font=&#8221;Josefin Sans|700||on|||||&#8221; header_text_align=&#8221;center&#8221; body_font=&#8221;Open Sans||||||||&#8221; body_text_align=&#8221;center&#8221; body_font_size=&#8221;18px&#8221; icon_font_size=&#8221;32px&#8221; global_colors_info=&#8221;{}&#8221;]<\/p>\n<p><span>8184 Balatonf\u0171zf\u0151, Nitrochemischer Industriepark R4<\/span><\/p>\n<p>[\/et_pb_blurb][\/et_pb_column][et_pb_column type=&#8221;1_3&#8243; _builder_version=&#8221;4.16&#8243; custom_padding=&#8221;|||&#8221; global_colors_info=&#8221;{}&#8221; custom_padding__hover=&#8221;|||&#8221;][et_pb_blurb title=&#8221;<br \/>\nH\u00cdVJON MINKET&#8221; use_icon=&#8221;on&#8221; font_icon=&#8221;&#xe090;||divi||400&#8243; icon_color=&#8221;#f47a55&#8243; image_icon_width=&#8221;32px&#8221; _builder_version=&#8221;4.16&#8243; header_font=&#8221;Josefin Sans|700||on|||||&#8221; header_text_align=&#8221;center&#8221; body_font=&#8221;Open Sans||||||||&#8221; body_text_align=&#8221;center&#8221; body_font_size=&#8221;18px&#8221; animation_style=&#8221;fold&#8221; animation_direction=&#8221;left&#8221; animation_delay=&#8221;200ms&#8221; animation_intensity_fold=&#8221;20%&#8221; icon_font_size=&#8221;32px&#8221; global_colors_info=&#8221;{}&#8221;]<\/p>\n<p><span>+36 20 414 6497<\/span><\/p>\n<p>[\/et_pb_blurb][\/et_pb_column][et_pb_column type=\"1_3\u2033 _builder_version=\"4.16\u2033 custom_padding=\"|||\" global_colors_info=\"{}\" custom_padding__hover=\"|||\"][et_pb_blurb title=\"COASTAL SETTING\" use_icon=\"on\" font_icon=\"\ue076||divi||400\u2033 icon_color=\"#f47a55\u2033 image_icon_width=\"32px\" _builder_version=\"4.16\u2033 header_font=\"Josefin Sans|700||on|||||\" header_text_align=\"center\" body_font=\"Open Sans||||||||\" body_text_align=\"center\" body_font_size=\"18px\" animation_style=\"fold\" animation_direction=\"left\" animation_delay=\"200ms\" animation_intensity_fold=\"20%\" icon_font_size=\"32px\" global_colors_info=\"{}\"]<\/p>\n<p><a href=\"mailto:attila@vianett.hu\">attila@vianett.hu<\/a><\/p>\n<p>[\/et_pb_blurb][\/et_pb_column][\/et_pb_row][\/et_pb_section]<\/p>","protected":false},"excerpt":{"rendered":"<p>G\u00f6ngy\u00f6leg tiszt\u00edt\u00e1s G\u00d6NGY\u00d6LEG A tiszt\u00edtott g\u00f6ngy\u00f6legek sz\u00e1ll\u00edt\u00e1sra v\u00e1rvaA szakszer\u0171en megtiszt\u00edtott g\u00f6ngy\u00f6legeket (l\u00e1d\u00e1k, rekeszek, t\u00e1lc\u00e1k, stb.) becsomagoljuk, rakatoljuk, \u00e9s el\u0151k\u00e9sz\u00edtj\u00fck a sz\u00e1ll\u00edt\u00e1sra \u00fcgyfeleink fel\u00e9. A sz\u00e1ll\u00edt\u00e1s megegyez\u00e9s k\u00e9rd\u00e9se, t\u00f6rt\u00e9nhet az \u00fcgyf\u00e9l \u00e1ltal, vagy ak\u00e1r c\u00e9g\u00fcnk is sz\u00edvesen int\u00e9zi a szennyezett g\u00f6ngy\u00f6leg elsz\u00e1ll\u00edt\u00e1s\u00e1t, illetve az \u00fczem\u00fcnkben t\u00f6rt\u00e9nt tiszt\u00edt\u00e1st k\u00f6vet\u0151en a mosott g\u00f6ngy\u00f6leg visszasz\u00e1ll\u00edt\u00e1s\u00e1t. G\u00f6ngy\u00f6legtiszt\u00edt\u00e1s el\u0151tte-ut\u00e1naA g\u00f6ngy\u00f6leget a [&hellip;]<\/p>","protected":false},"author":1,"featured_media":0,"parent":0,"menu_order":0,"comment_status":"closed","ping_status":"closed","template":"","meta":{"_et_pb_use_builder":"on","_et_pb_old_content":"","_et_gb_content_width":"","footnotes":""},"class_list":["post-613","page","type-page","status-publish","hentry"],"yoast_head":"<!-- This site is optimized with the Yoast SEO Premium plugin v26.8 (Yoast SEO v26.8) - https:\/\/yoast.com\/product\/yoast-seo-premium-wordpress\/ -->\n<title>G\u00f6ngy\u00f6legtiszt\u00edt\u00e1s - Future Via-Nett Kft.<\/title>\n<meta name=\"robots\" content=\"index, follow, max-snippet:-1, max-image-preview:large, max-video-preview:-1\" \/>\n<link rel=\"canonical\" href=\"https:\/\/vianett.hu\/de\/gongyolegtisztitas\/\" \/>\n<meta property=\"og:locale\" content=\"de_DE\" \/>\n<meta property=\"og:type\" content=\"article\" \/>\n<meta property=\"og:title\" content=\"G\u00f6ngy\u00f6legtiszt\u00edt\u00e1s\" \/>\n<meta property=\"og:description\" content=\"G\u00f6ngy\u00f6leg tiszt\u00edt\u00e1s G\u00d6NGY\u00d6LEG A tiszt\u00edtott g\u00f6ngy\u00f6legek sz\u00e1ll\u00edt\u00e1sra v\u00e1rvaA szakszer\u0171en megtiszt\u00edtott g\u00f6ngy\u00f6legeket (l\u00e1d\u00e1k, rekeszek, t\u00e1lc\u00e1k, stb.) becsomagoljuk, rakatoljuk, \u00e9s el\u0151k\u00e9sz\u00edtj\u00fck a sz\u00e1ll\u00edt\u00e1sra \u00fcgyfeleink fel\u00e9. A sz\u00e1ll\u00edt\u00e1s megegyez\u00e9s k\u00e9rd\u00e9se, t\u00f6rt\u00e9nhet az \u00fcgyf\u00e9l \u00e1ltal, vagy ak\u00e1r c\u00e9g\u00fcnk is sz\u00edvesen int\u00e9zi a szennyezett g\u00f6ngy\u00f6leg elsz\u00e1ll\u00edt\u00e1s\u00e1t, illetve az \u00fczem\u00fcnkben t\u00f6rt\u00e9nt tiszt\u00edt\u00e1st k\u00f6vet\u0151en a mosott g\u00f6ngy\u00f6leg visszasz\u00e1ll\u00edt\u00e1s\u00e1t. G\u00f6ngy\u00f6legtiszt\u00edt\u00e1s el\u0151tte-ut\u00e1naA g\u00f6ngy\u00f6leget a [&hellip;]\" \/>\n<meta property=\"og:url\" content=\"https:\/\/vianett.hu\/de\/gongyolegtisztitas\/\" \/>\n<meta property=\"og:site_name\" content=\"Future Via-Nett Kft.\" \/>\n<meta property=\"article:publisher\" content=\"https:\/\/www.facebook.com\/profile.php?id=100085144136170\" \/>\n<meta property=\"article:modified_time\" content=\"2024-07-15T07:49:10+00:00\" \/>\n<meta name=\"twitter:card\" content=\"summary_large_image\" \/>\n<meta name=\"twitter:label1\" content=\"Gesch\u00e4tzte Lesezeit\" \/>\n\t<meta name=\"twitter:data1\" content=\"2\u00a0Minuten\" \/>\n<script type=\"application\/ld+json\" class=\"yoast-schema-graph\">{\"@context\":\"https:\/\/schema.org\",\"@graph\":[{\"@type\":\"WebPage\",\"@id\":\"https:\/\/vianett.hu\/gongyolegtisztitas\/\",\"url\":\"https:\/\/vianett.hu\/gongyolegtisztitas\/\",\"name\":\"G\u00f6ngy\u00f6legtiszt\u00edt\u00e1s - Future Via-Nett Kft.\",\"isPartOf\":{\"@id\":\"https:\/\/vianett.hu\/#website\"},\"datePublished\":\"2024-07-11T14:36:45+00:00\",\"dateModified\":\"2024-07-15T07:49:10+00:00\",\"breadcrumb\":{\"@id\":\"https:\/\/vianett.hu\/gongyolegtisztitas\/#breadcrumb\"},\"inLanguage\":\"de\",\"potentialAction\":[{\"@type\":\"ReadAction\",\"target\":[\"https:\/\/vianett.hu\/gongyolegtisztitas\/\"]}]},{\"@type\":\"BreadcrumbList\",\"@id\":\"https:\/\/vianett.hu\/gongyolegtisztitas\/#breadcrumb\",\"itemListElement\":[{\"@type\":\"ListItem\",\"position\":1,\"name\":\"Kezd\u0151lap\",\"item\":\"https:\/\/vianett.hu\/\"},{\"@type\":\"ListItem\",\"position\":2,\"name\":\"G\u00f6ngy\u00f6legtiszt\u00edt\u00e1s\"}]},{\"@type\":\"WebSite\",\"@id\":\"https:\/\/vianett.hu\/#website\",\"url\":\"https:\/\/vianett.hu\/\",\"name\":\"Future Via-Nett Kft.\",\"description\":\"L\u00e1damos\u00e1s Veszpr\u00e9m\",\"publisher\":{\"@id\":\"https:\/\/vianett.hu\/#organization\"},\"potentialAction\":[{\"@type\":\"SearchAction\",\"target\":{\"@type\":\"EntryPoint\",\"urlTemplate\":\"https:\/\/vianett.hu\/?s={search_term_string}\"},\"query-input\":{\"@type\":\"PropertyValueSpecification\",\"valueRequired\":true,\"valueName\":\"search_term_string\"}}],\"inLanguage\":\"de\"},{\"@type\":\"Organization\",\"@id\":\"https:\/\/vianett.hu\/#organization\",\"name\":\"Future Via-Nett Kft.\",\"url\":\"https:\/\/vianett.hu\/\",\"logo\":{\"@type\":\"ImageObject\",\"inLanguage\":\"de\",\"@id\":\"https:\/\/vianett.hu\/#\/schema\/logo\/image\/\",\"url\":\"https:\/\/vianett.hu\/wp-content\/uploads\/2024\/05\/Vianett-logo.png\",\"contentUrl\":\"https:\/\/vianett.hu\/wp-content\/uploads\/2024\/05\/Vianett-logo.png\",\"width\":302,\"height\":192,\"caption\":\"Future Via-Nett Kft.\"},\"image\":{\"@id\":\"https:\/\/vianett.hu\/#\/schema\/logo\/image\/\"},\"sameAs\":[\"https:\/\/www.facebook.com\/profile.php?id=100085144136170\"]}]}<\/script>\n<!-- \/ Yoast SEO Premium plugin. -->","yoast_head_json":{"title":"G\u00f6ngy\u00f6legtiszt\u00edt\u00e1s - Future Via-Nett Kft.","robots":{"index":"index","follow":"follow","max-snippet":"max-snippet:-1","max-image-preview":"max-image-preview:large","max-video-preview":"max-video-preview:-1"},"canonical":"https:\/\/vianett.hu\/de\/gongyolegtisztitas\/","og_locale":"de_DE","og_type":"article","og_title":"G\u00f6ngy\u00f6legtiszt\u00edt\u00e1s","og_description":"G\u00f6ngy\u00f6leg tiszt\u00edt\u00e1s G\u00d6NGY\u00d6LEG A tiszt\u00edtott g\u00f6ngy\u00f6legek sz\u00e1ll\u00edt\u00e1sra v\u00e1rvaA szakszer\u0171en megtiszt\u00edtott g\u00f6ngy\u00f6legeket (l\u00e1d\u00e1k, rekeszek, t\u00e1lc\u00e1k, stb.) becsomagoljuk, rakatoljuk, \u00e9s el\u0151k\u00e9sz\u00edtj\u00fck a sz\u00e1ll\u00edt\u00e1sra \u00fcgyfeleink fel\u00e9. A sz\u00e1ll\u00edt\u00e1s megegyez\u00e9s k\u00e9rd\u00e9se, t\u00f6rt\u00e9nhet az \u00fcgyf\u00e9l \u00e1ltal, vagy ak\u00e1r c\u00e9g\u00fcnk is sz\u00edvesen int\u00e9zi a szennyezett g\u00f6ngy\u00f6leg elsz\u00e1ll\u00edt\u00e1s\u00e1t, illetve az \u00fczem\u00fcnkben t\u00f6rt\u00e9nt tiszt\u00edt\u00e1st k\u00f6vet\u0151en a mosott g\u00f6ngy\u00f6leg visszasz\u00e1ll\u00edt\u00e1s\u00e1t. G\u00f6ngy\u00f6legtiszt\u00edt\u00e1s el\u0151tte-ut\u00e1naA g\u00f6ngy\u00f6leget a [&hellip;]","og_url":"https:\/\/vianett.hu\/de\/gongyolegtisztitas\/","og_site_name":"Future Via-Nett Kft.","article_publisher":"https:\/\/www.facebook.com\/profile.php?id=100085144136170","article_modified_time":"2024-07-15T07:49:10+00:00","twitter_card":"summary_large_image","twitter_misc":{"Gesch\u00e4tzte Lesezeit":"2\u00a0Minuten"},"schema":{"@context":"https:\/\/schema.org","@graph":[{"@type":"WebPage","@id":"https:\/\/vianett.hu\/gongyolegtisztitas\/","url":"https:\/\/vianett.hu\/gongyolegtisztitas\/","name":"G\u00f6ngy\u00f6legtiszt\u00edt\u00e1s - Future Via-Nett Kft.","isPartOf":{"@id":"https:\/\/vianett.hu\/#website"},"datePublished":"2024-07-11T14:36:45+00:00","dateModified":"2024-07-15T07:49:10+00:00","breadcrumb":{"@id":"https:\/\/vianett.hu\/gongyolegtisztitas\/#breadcrumb"},"inLanguage":"de","potentialAction":[{"@type":"ReadAction","target":["https:\/\/vianett.hu\/gongyolegtisztitas\/"]}]},{"@type":"BreadcrumbList","@id":"https:\/\/vianett.hu\/gongyolegtisztitas\/#breadcrumb","itemListElement":[{"@type":"ListItem","position":1,"name":"Kezd\u0151lap","item":"https:\/\/vianett.hu\/"},{"@type":"ListItem","position":2,"name":"G\u00f6ngy\u00f6legtiszt\u00edt\u00e1s"}]},{"@type":"WebSite","@id":"https:\/\/vianett.hu\/#website","url":"https:\/\/vianett.hu\/","name":"Future Via-Nett Ltd.","description":"Waschen von Kisten Veszpr\u00e9m","publisher":{"@id":"https:\/\/vianett.hu\/#organization"},"potentialAction":[{"@type":"SearchAction","target":{"@type":"EntryPoint","urlTemplate":"https:\/\/vianett.hu\/?s={search_term_string}"},"query-input":{"@type":"PropertyValueSpecification","valueRequired":true,"valueName":"search_term_string"}}],"inLanguage":"de"},{"@type":"Organization","@id":"https:\/\/vianett.hu\/#organization","name":"Future Via-Nett Ltd.","url":"https:\/\/vianett.hu\/","logo":{"@type":"ImageObject","inLanguage":"de","@id":"https:\/\/vianett.hu\/#\/schema\/logo\/image\/","url":"https:\/\/vianett.hu\/wp-content\/uploads\/2024\/05\/Vianett-logo.png","contentUrl":"https:\/\/vianett.hu\/wp-content\/uploads\/2024\/05\/Vianett-logo.png","width":302,"height":192,"caption":"Future Via-Nett Kft."},"image":{"@id":"https:\/\/vianett.hu\/#\/schema\/logo\/image\/"},"sameAs":["https:\/\/www.facebook.com\/profile.php?id=100085144136170"]}]}},"_links":{"self":[{"href":"https:\/\/vianett.hu\/de\/wp-json\/wp\/v2\/pages\/613","targetHints":{"allow":["GET"]}}],"collection":[{"href":"https:\/\/vianett.hu\/de\/wp-json\/wp\/v2\/pages"}],"about":[{"href":"https:\/\/vianett.hu\/de\/wp-json\/wp\/v2\/types\/page"}],"author":[{"embeddable":true,"href":"https:\/\/vianett.hu\/de\/wp-json\/wp\/v2\/users\/1"}],"replies":[{"embeddable":true,"href":"https:\/\/vianett.hu\/de\/wp-json\/wp\/v2\/comments?post=613"}],"version-history":[{"count":1,"href":"https:\/\/vianett.hu\/de\/wp-json\/wp\/v2\/pages\/613\/revisions"}],"predecessor-version":[{"id":646,"href":"https:\/\/vianett.hu\/de\/wp-json\/wp\/v2\/pages\/613\/revisions\/646"}],"wp:attachment":[{"href":"https:\/\/vianett.hu\/de\/wp-json\/wp\/v2\/media?parent=613"}],"curies":[{"name":"wp","href":"https:\/\/api.w.org\/{rel}","templated":true}]}}