{"id":589,"date":"2024-07-03T07:05:43","date_gmt":"2024-07-03T07:05:43","guid":{"rendered":"https:\/\/vianett.hu\/?page_id=589"},"modified":"2024-07-03T07:06:21","modified_gmt":"2024-07-03T07:06:21","slug":"ginop","status":"publish","type":"page","link":"https:\/\/vianett.hu\/de\/ginop\/","title":{"rendered":"GINOP"},"content":{"rendered":"<p>[et_pb_section fb_built=&#8221;1&#8243; next_background_color=&#8221;#ffffff&#8221; admin_label=&#8221;Hero&#8221; _builder_version=&#8221;4.25.1&#8243; use_background_color_gradient=&#8221;on&#8221; background_color_gradient_direction=&#8221;70deg&#8221; background_color_gradient_stops=&#8221;#283d4b 0%|rgba(128,103,79,0.5) 100%&#8221; background_color_gradient_overlays_image=&#8221;on&#8221; background_color_gradient_start=&#8221;#283d4b&#8221; background_color_gradient_end=&#8221;rgba(128,103,79,0.5)&#8221; background_image=&#8221;https:\/\/vianett.hu\/wp-content\/uploads\/2024\/06\/20230310_120726-min-v2-scaled.webp&#8221; custom_margin=&#8221;|||&#8221; custom_padding=&#8221;6vw|||&#8221; bottom_divider_style=&#8221;mountains2&#8243; bottom_divider_height=&#8221;20vw&#8221; bottom_divider_repeat=&#8221;0.5x&#8221; bottom_divider_flip=&#8221;horizontal|vertical&#8221; hover_enabled=&#8221;0&#8243; global_colors_info=&#8221;{}&#8221; theme_builder_area=&#8221;post_content&#8221; alt=&#8221;L\u00e1damos\u00f3 \u00fczem Balatonf\u0171zf\u00f6&#8221; title_text=&#8221;Vianett \u00fczem&#8221; sticky_enabled=&#8221;0&#8243;][et_pb_row _builder_version=&#8221;4.16&#8243; custom_margin=&#8221;|||&#8221; custom_padding=&#8221;27px|0px|0|0px|false|false&#8221; global_colors_info=&#8221;{}&#8221; theme_builder_area=&#8221;post_content&#8221;][et_pb_column type=&#8221;4_4&#8243; _builder_version=&#8221;4.16&#8243; custom_padding=&#8221;|||&#8221; global_colors_info=&#8221;{}&#8221; custom_padding__hover=&#8221;|||&#8221; theme_builder_area=&#8221;post_content&#8221;][et_pb_text _builder_version=&#8221;4.16&#8243; text_font=&#8221;||||||||&#8221; header_font=&#8221;Josefin Sans|700|||||||&#8221; header_font_size=&#8221;90px&#8221; header_line_height=&#8221;1.4em&#8221; header_2_font=&#8221;Josefin Sans||||||||&#8221; header_2_text_color=&#8221;rgba(255,255,255,0.6)&#8221; header_2_font_size=&#8221;32px&#8221; header_2_line_height=&#8221;1.4em&#8221; background_layout=&#8221;dark&#8221; animation_style=&#8221;slide&#8221; animation_direction=&#8221;right&#8221; animation_intensity_slide=&#8221;4%&#8221; header_font_size_tablet=&#8221;50px&#8221; header_font_size_phone=&#8221;32px&#8221; header_font_size_last_edited=&#8221;on|desktop&#8221; header_2_font_size_tablet=&#8221;&#8221; header_2_font_size_phone=&#8221;24px&#8221; header_2_font_size_last_edited=&#8221;on|phone&#8221; global_colors_info=&#8221;{}&#8221; theme_builder_area=&#8221;post_content&#8221;]<\/p>\n<h1>GINOP<\/h1>\n<h2>4.1.5-22-2022-00130<\/h2>\n<p>[\/et_pb_text][\/et_pb_column][\/et_pb_row][et_pb_row use_custom_gutter=&#8221;on&#8221; gutter_width=&#8221;1&#8243; disabled_on=&#8221;on|off|off&#8221; module_class=&#8221; et_pb_row_fullwidth&#8221; _builder_version=&#8221;4.16&#8243; width=&#8221;100%&#8221; width_tablet=&#8221;100%&#8221; width_last_edited=&#8221;on|desktop&#8221; max_width=&#8221;100%&#8221; max_width_tablet=&#8221;100%&#8221; max_width_last_edited=&#8221;on|desktop&#8221; make_fullwidth=&#8221;on&#8221; locked=&#8221;off&#8221; global_colors_info=&#8221;{}&#8221; theme_builder_area=&#8221;post_content&#8221; width_phone=&#8221;100%&#8221; max_width_phone=&#8221;100%&#8221;][et_pb_column type=&#8221;4_4&#8243; _builder_version=&#8221;4.16&#8243; custom_padding=&#8221;|||&#8221; global_colors_info=&#8221;{}&#8221; custom_padding__hover=&#8221;|||&#8221; theme_builder_area=&#8221;post_content&#8221;][et_pb_text _builder_version=&#8221;4.25.1&#8243; text_font=&#8221;Josefin Sans|700||on|||||&#8221; text_text_color=&#8221;rgba(255,255,255,0.2)&#8221; text_font_size=&#8221;15vw&#8221; text_line_height=&#8221;1em&#8221; quote_font=&#8221;||||||||&#8221; header_font=&#8221;||||||||&#8221; custom_margin=&#8221;||-0.4em|&#8221; custom_padding=&#8221;|||&#8221; filter_blur=&#8221;7px&#8221; animation_style=&#8221;slide&#8221; animation_direction=&#8221;right&#8221; animation_duration=&#8221;10000ms&#8221; animation_intensity_slide=&#8221;10%&#8221; animation_starting_opacity=&#8221;40%&#8221; animation_speed_curve=&#8221;linear&#8221; hover_enabled=&#8221;0&#8243; text_font_size_tablet=&#8221;124px&#8221; text_font_size_phone=&#8221;90px&#8221; text_font_size_last_edited=&#8221;off|desktop&#8221; global_colors_info=&#8221;{}&#8221; theme_builder_area=&#8221;post_content&#8221; sticky_enabled=&#8221;0&#8243;][\/et_pb_text][\/et_pb_column][\/et_pb_row][\/et_pb_section][et_pb_section fb_built=&#8221;1&#8243; admin_label=&#8221;About Us&#8221; _builder_version=&#8221;4.16&#8243; global_colors_info=&#8221;{}&#8221; theme_builder_area=&#8221;post_content&#8221;][et_pb_row use_custom_gutter=&#8221;on&#8221; gutter_width=&#8221;2&#8243; admin_label=&#8221;Content area&#8221; _builder_version=&#8221;4.25.1&#8243; max_width=&#8221;1280px&#8221; animation_style=&#8221;fold&#8221; animation_direction=&#8221;left&#8221; animation_intensity_fold=&#8221;20%&#8221; hover_enabled=&#8221;0&#8243; use_custom_width=&#8221;on&#8221; custom_width_px=&#8221;1280px&#8221; global_colors_info=&#8221;{}&#8221; column_structure=&#8221;3_5,2_5&#8243; theme_builder_area=&#8221;post_content&#8221; sticky_enabled=&#8221;0&#8243; custom_margin=&#8221;-1px||||false|false&#8221; custom_padding=&#8221;0px||||false|false&#8221;][et_pb_column type=&#8221;3_5&#8243; _builder_version=&#8221;4.16&#8243; custom_padding=&#8221;5%|||&#8221; custom_padding_phone=&#8221;0%|||&#8221; custom_padding_last_edited=&#8221;on|desktop&#8221; global_colors_info=&#8221;{}&#8221; padding_phone=&#8221;0%|||&#8221; padding_last_edited=&#8221;on|desktop&#8221; custom_padding__hover=&#8221;|||&#8221; theme_builder_area=&#8221;post_content&#8221; custom_padding_tablet=&#8221;5%|||&#8221;][et_pb_text _builder_version=&#8221;4.25.1&#8243; text_font=&#8221;Open Sans||||||||&#8221; text_font_size=&#8221;18px&#8221; text_line_height=&#8221;1.8em&#8221; header_font=&#8221;||||||||&#8221; header_2_font=&#8221;Josefin Sans|700|||||||&#8221; header_2_font_size=&#8221;48px&#8221; header_2_line_height=&#8221;1.5em&#8221; header_3_font=&#8221;Josefin Sans|700||on|||||&#8221; header_3_text_color=&#8221;rgba(43,51,68,0.2)&#8221; header_4_font=&#8221;Josefin Sans|700|||||||&#8221; header_4_font_size=&#8221;22px&#8221; header_4_line_height=&#8221;1.4em&#8221; max_width=&#8221;1077px&#8221; custom_margin=&#8221;|||&#8221; custom_padding=&#8221;|||&#8221; hover_enabled=&#8221;0&#8243; header_2_font_size_tablet=&#8221;&#8221; header_2_font_size_phone=&#8221;24px&#8221; header_2_font_size_last_edited=&#8221;on|phone&#8221; locked=&#8221;off&#8221; global_colors_info=&#8221;{}&#8221; theme_builder_area=&#8221;post_content&#8221; sticky_enabled=&#8221;0&#8243;]<\/p>\n<h5><strong>Name des Beg\u00fcnstigten:\u00a0<\/strong><\/h5>\n<h5>FUTURE VIA-NETT Gesellschaft mit beschr\u00e4nkter Haftung<\/h5>\n<p>&nbsp;<\/p>\n<h5><strong>Titel des Projekts:<\/strong><\/h5>\n<h5>Verbesserung der Energieeffizienz des Geb\u00e4udes von Future Via-Nett Ltd.<\/h5>\n<div>\u00a0<\/div>\n<h5><b>Vertraglich vereinbarte H\u00f6he der Beihilfe:\u00a0<\/b><\/h5>\n<h5>86 632 917 Ft<\/h5>\n<h5><b>H\u00f6he der Unterst\u00fctzung:\u00a0<\/b><\/h5>\n<h5>90 %<\/h5>\n<p>&nbsp;<\/p>\n<div><b>Pr\u00e4sentation der Projektinhalte:\u00a0<\/b><\/div>\n<p style=\"text-align: justify;\">Future Via-Nett Ltd. hat im Rahmen der Ausschreibung Ginop-4.1.5-22 des Sz\u00e9chenyi-Plans 86,6 Millionen Forint an bedingt nicht r\u00fcckzahlbaren EU-Mitteln erhalten. Im Rahmen der Ausschreibung wurde die Energieeffizienz des Firmengel\u00e4ndes in Balatonf\u0171zf\u0151 durch die Verbesserung der Energieeffizienz des Geb\u00e4udes verbessert, einschlie\u00dflich W\u00e4rmed\u00e4mmung, Austausch von Fenstern und T\u00fcren, Modernisierung von Beleuchtung und Heizung sowie Installation von Sonnenkollektoren und W\u00e4rmepumpen.<\/p>\n<p>&nbsp;<\/p>\n<h5><b>Tats\u00e4chliches Datum der Fertigstellung des Projekts:\u00a0<\/b><\/h5>\n<h5>2023.06.29<\/h5>\n<h5><b>Projekt-ID-Nummer:\u00a0<\/b><\/h5>\n<h5>GINOP-4.1.5-22-2022-00130<\/h5>\n<p>[\/et_pb_text][\/et_pb_column][et_pb_column type=&#8221;2_5&#8243; _builder_version=&#8221;4.16&#8243; custom_padding=&#8221;5%|||&#8221; custom_padding_phone=&#8221;0%|||&#8221; custom_padding_last_edited=&#8221;on|desktop&#8221; global_colors_info=&#8221;{}&#8221; padding_phone=&#8221;0%|||&#8221; padding_last_edited=&#8221;on|desktop&#8221; custom_padding__hover=&#8221;|||&#8221; theme_builder_area=&#8221;post_content&#8221; custom_padding_tablet=&#8221;5%|||&#8221;][et_pb_image src=&#8221;https:\/\/vianett.hu\/wp-content\/uploads\/2024\/06\/logo-szechenyi.png&#8221; _builder_version=&#8221;4.25.1&#8243; _module_preset=&#8221;default&#8221; theme_builder_area=&#8221;post_content&#8221; alt=&#8221;sz\u00e9chenyi t\u00e1mogat\u00e1s&#8221; title_text=&#8221;logo-szechenyi&#8221; hover_enabled=&#8221;0&#8243; sticky_enabled=&#8221;0&#8243;][\/et_pb_image][\/et_pb_column][\/et_pb_row][\/et_pb_section]<\/p>","protected":false},"excerpt":{"rendered":"<p>GINOP 4.1.5-22-2022-00130Kedvezm\u00e9nyezett neve:\u00a0 FUTURE VIA-NETT Korl\u00e1tolt Felel\u0151ss\u00e9g\u0171 T\u00e1rsas\u00e1g &nbsp; Projekt c\u00edme: Future Via-Nett Kft. \u00e9p\u00fclet\u00e9nek energiahat\u00e9konys\u00e1g\u00e1nak a jav\u00edt\u00e1sa. \u00a0 Szerz\u0151d\u00f6tt t\u00e1mogat\u00e1s \u00f6sszege:\u00a0 86 632 917 Ft T\u00e1mogat\u00e1s m\u00e9rt\u00e9ke:\u00a0 90 % &nbsp; Projekt tartalm\u00e1nak bemutat\u00e1sa:\u00a0 A Future Via-Nett Kft. 86,6 milli\u00f3 forint felt\u00e9telesen vissza nem t\u00e9r\u00edtend\u0151 eur\u00f3pai uni\u00f3s t\u00e1mogat\u00e1st nyert el a Sz\u00e9chenyi Terv keretei k\u00f6z\u00f6tt [&hellip;]<\/p>","protected":false},"author":1,"featured_media":0,"parent":0,"menu_order":0,"comment_status":"closed","ping_status":"closed","template":"","meta":{"_et_pb_use_builder":"on","_et_pb_old_content":"","_et_gb_content_width":"","footnotes":""},"class_list":["post-589","page","type-page","status-publish","hentry"],"yoast_head":"<!-- This site is optimized with the Yoast SEO Premium plugin v26.8 (Yoast SEO v26.8) - https:\/\/yoast.com\/product\/yoast-seo-premium-wordpress\/ -->\n<title>GINOP - Future Via-Nett Kft.<\/title>\n<meta name=\"robots\" content=\"index, follow, max-snippet:-1, max-image-preview:large, max-video-preview:-1\" \/>\n<link rel=\"canonical\" href=\"https:\/\/vianett.hu\/de\/ginop\/\" \/>\n<meta property=\"og:locale\" content=\"de_DE\" \/>\n<meta property=\"og:type\" content=\"article\" \/>\n<meta property=\"og:title\" content=\"GINOP\" \/>\n<meta property=\"og:description\" content=\"GINOP 4.1.5-22-2022-00130Kedvezm\u00e9nyezett neve:\u00a0 FUTURE VIA-NETT Korl\u00e1tolt Felel\u0151ss\u00e9g\u0171 T\u00e1rsas\u00e1g &nbsp; Projekt c\u00edme: Future Via-Nett Kft. \u00e9p\u00fclet\u00e9nek energiahat\u00e9konys\u00e1g\u00e1nak a jav\u00edt\u00e1sa. \u00a0 Szerz\u0151d\u00f6tt t\u00e1mogat\u00e1s \u00f6sszege:\u00a0 86 632 917 Ft T\u00e1mogat\u00e1s m\u00e9rt\u00e9ke:\u00a0 90 % &nbsp; Projekt tartalm\u00e1nak bemutat\u00e1sa:\u00a0 A Future Via-Nett Kft. 86,6 milli\u00f3 forint felt\u00e9telesen vissza nem t\u00e9r\u00edtend\u0151 eur\u00f3pai uni\u00f3s t\u00e1mogat\u00e1st nyert el a Sz\u00e9chenyi Terv keretei k\u00f6z\u00f6tt [&hellip;]\" \/>\n<meta property=\"og:url\" content=\"https:\/\/vianett.hu\/de\/ginop\/\" \/>\n<meta property=\"og:site_name\" content=\"Future Via-Nett Kft.\" \/>\n<meta property=\"article:publisher\" content=\"https:\/\/www.facebook.com\/profile.php?id=100085144136170\" \/>\n<meta property=\"article:modified_time\" content=\"2024-07-03T07:06:21+00:00\" \/>\n<meta name=\"twitter:card\" content=\"summary_large_image\" \/>\n<script type=\"application\/ld+json\" class=\"yoast-schema-graph\">{\"@context\":\"https:\/\/schema.org\",\"@graph\":[{\"@type\":\"WebPage\",\"@id\":\"https:\/\/vianett.hu\/ginop\/\",\"url\":\"https:\/\/vianett.hu\/ginop\/\",\"name\":\"GINOP - Future Via-Nett Kft.\",\"isPartOf\":{\"@id\":\"https:\/\/vianett.hu\/#website\"},\"datePublished\":\"2024-07-03T07:05:43+00:00\",\"dateModified\":\"2024-07-03T07:06:21+00:00\",\"breadcrumb\":{\"@id\":\"https:\/\/vianett.hu\/ginop\/#breadcrumb\"},\"inLanguage\":\"de\",\"potentialAction\":[{\"@type\":\"ReadAction\",\"target\":[\"https:\/\/vianett.hu\/ginop\/\"]}]},{\"@type\":\"BreadcrumbList\",\"@id\":\"https:\/\/vianett.hu\/ginop\/#breadcrumb\",\"itemListElement\":[{\"@type\":\"ListItem\",\"position\":1,\"name\":\"Kezd\u0151lap\",\"item\":\"https:\/\/vianett.hu\/\"},{\"@type\":\"ListItem\",\"position\":2,\"name\":\"GINOP\"}]},{\"@type\":\"WebSite\",\"@id\":\"https:\/\/vianett.hu\/#website\",\"url\":\"https:\/\/vianett.hu\/\",\"name\":\"Future Via-Nett Kft.\",\"description\":\"L\u00e1damos\u00e1s Veszpr\u00e9m\",\"publisher\":{\"@id\":\"https:\/\/vianett.hu\/#organization\"},\"potentialAction\":[{\"@type\":\"SearchAction\",\"target\":{\"@type\":\"EntryPoint\",\"urlTemplate\":\"https:\/\/vianett.hu\/?s={search_term_string}\"},\"query-input\":{\"@type\":\"PropertyValueSpecification\",\"valueRequired\":true,\"valueName\":\"search_term_string\"}}],\"inLanguage\":\"de\"},{\"@type\":\"Organization\",\"@id\":\"https:\/\/vianett.hu\/#organization\",\"name\":\"Future Via-Nett Kft.\",\"url\":\"https:\/\/vianett.hu\/\",\"logo\":{\"@type\":\"ImageObject\",\"inLanguage\":\"de\",\"@id\":\"https:\/\/vianett.hu\/#\/schema\/logo\/image\/\",\"url\":\"https:\/\/vianett.hu\/wp-content\/uploads\/2024\/05\/Vianett-logo.png\",\"contentUrl\":\"https:\/\/vianett.hu\/wp-content\/uploads\/2024\/05\/Vianett-logo.png\",\"width\":302,\"height\":192,\"caption\":\"Future Via-Nett Kft.\"},\"image\":{\"@id\":\"https:\/\/vianett.hu\/#\/schema\/logo\/image\/\"},\"sameAs\":[\"https:\/\/www.facebook.com\/profile.php?id=100085144136170\"]}]}<\/script>\n<!-- \/ Yoast SEO Premium plugin. -->","yoast_head_json":{"title":"GINOP - Future Via-Nett Kft.","robots":{"index":"index","follow":"follow","max-snippet":"max-snippet:-1","max-image-preview":"max-image-preview:large","max-video-preview":"max-video-preview:-1"},"canonical":"https:\/\/vianett.hu\/de\/ginop\/","og_locale":"de_DE","og_type":"article","og_title":"GINOP","og_description":"GINOP 4.1.5-22-2022-00130Kedvezm\u00e9nyezett neve:\u00a0 FUTURE VIA-NETT Korl\u00e1tolt Felel\u0151ss\u00e9g\u0171 T\u00e1rsas\u00e1g &nbsp; Projekt c\u00edme: Future Via-Nett Kft. \u00e9p\u00fclet\u00e9nek energiahat\u00e9konys\u00e1g\u00e1nak a jav\u00edt\u00e1sa. \u00a0 Szerz\u0151d\u00f6tt t\u00e1mogat\u00e1s \u00f6sszege:\u00a0 86 632 917 Ft T\u00e1mogat\u00e1s m\u00e9rt\u00e9ke:\u00a0 90 % &nbsp; Projekt tartalm\u00e1nak bemutat\u00e1sa:\u00a0 A Future Via-Nett Kft. 86,6 milli\u00f3 forint felt\u00e9telesen vissza nem t\u00e9r\u00edtend\u0151 eur\u00f3pai uni\u00f3s t\u00e1mogat\u00e1st nyert el a Sz\u00e9chenyi Terv keretei k\u00f6z\u00f6tt [&hellip;]","og_url":"https:\/\/vianett.hu\/de\/ginop\/","og_site_name":"Future Via-Nett Kft.","article_publisher":"https:\/\/www.facebook.com\/profile.php?id=100085144136170","article_modified_time":"2024-07-03T07:06:21+00:00","twitter_card":"summary_large_image","schema":{"@context":"https:\/\/schema.org","@graph":[{"@type":"WebPage","@id":"https:\/\/vianett.hu\/ginop\/","url":"https:\/\/vianett.hu\/ginop\/","name":"GINOP - Future Via-Nett Kft.","isPartOf":{"@id":"https:\/\/vianett.hu\/#website"},"datePublished":"2024-07-03T07:05:43+00:00","dateModified":"2024-07-03T07:06:21+00:00","breadcrumb":{"@id":"https:\/\/vianett.hu\/ginop\/#breadcrumb"},"inLanguage":"de","potentialAction":[{"@type":"ReadAction","target":["https:\/\/vianett.hu\/ginop\/"]}]},{"@type":"BreadcrumbList","@id":"https:\/\/vianett.hu\/ginop\/#breadcrumb","itemListElement":[{"@type":"ListItem","position":1,"name":"Kezd\u0151lap","item":"https:\/\/vianett.hu\/"},{"@type":"ListItem","position":2,"name":"GINOP"}]},{"@type":"WebSite","@id":"https:\/\/vianett.hu\/#website","url":"https:\/\/vianett.hu\/","name":"Future Via-Nett Ltd.","description":"Waschen von Kisten Veszpr\u00e9m","publisher":{"@id":"https:\/\/vianett.hu\/#organization"},"potentialAction":[{"@type":"SearchAction","target":{"@type":"EntryPoint","urlTemplate":"https:\/\/vianett.hu\/?s={search_term_string}"},"query-input":{"@type":"PropertyValueSpecification","valueRequired":true,"valueName":"search_term_string"}}],"inLanguage":"de"},{"@type":"Organization","@id":"https:\/\/vianett.hu\/#organization","name":"Future Via-Nett Ltd.","url":"https:\/\/vianett.hu\/","logo":{"@type":"ImageObject","inLanguage":"de","@id":"https:\/\/vianett.hu\/#\/schema\/logo\/image\/","url":"https:\/\/vianett.hu\/wp-content\/uploads\/2024\/05\/Vianett-logo.png","contentUrl":"https:\/\/vianett.hu\/wp-content\/uploads\/2024\/05\/Vianett-logo.png","width":302,"height":192,"caption":"Future Via-Nett Kft."},"image":{"@id":"https:\/\/vianett.hu\/#\/schema\/logo\/image\/"},"sameAs":["https:\/\/www.facebook.com\/profile.php?id=100085144136170"]}]}},"_links":{"self":[{"href":"https:\/\/vianett.hu\/de\/wp-json\/wp\/v2\/pages\/589","targetHints":{"allow":["GET"]}}],"collection":[{"href":"https:\/\/vianett.hu\/de\/wp-json\/wp\/v2\/pages"}],"about":[{"href":"https:\/\/vianett.hu\/de\/wp-json\/wp\/v2\/types\/page"}],"author":[{"embeddable":true,"href":"https:\/\/vianett.hu\/de\/wp-json\/wp\/v2\/users\/1"}],"replies":[{"embeddable":true,"href":"https:\/\/vianett.hu\/de\/wp-json\/wp\/v2\/comments?post=589"}],"version-history":[{"count":0,"href":"https:\/\/vianett.hu\/de\/wp-json\/wp\/v2\/pages\/589\/revisions"}],"wp:attachment":[{"href":"https:\/\/vianett.hu\/de\/wp-json\/wp\/v2\/media?parent=589"}],"curies":[{"name":"wp","href":"https:\/\/api.w.org\/{rel}","templated":true}]}}